{"id":581,"date":"2023-02-12T09:58:42","date_gmt":"2023-02-12T08:58:42","guid":{"rendered":"https:\/\/www.moscadabcn.com\/?page_id=581"},"modified":"2024-02-08T10:56:06","modified_gmt":"2024-02-08T09:56:06","slug":"politica-de-privacitat","status":"publish","type":"page","link":"https:\/\/www.moscadabcn.com\/ca\/politica-de-privacitat\/","title":{"rendered":"Pol\u00edtica de privacitat"},"content":{"rendered":"\n<p>Aquesta pol\u00edtica de privacitat detalla com LANDVERA S.L., com a propietari de la marca Moscada i del domini moscadabcn.com, tracta les dades personals dels seus usuaris. Aqu\u00ed teniu un resum dels punts clau:<\/p>\n\n\n\n<ol class=\"wp-block-list\">\n<li><strong>Dades Personals i Finalitats del Tractament<\/strong>: Els usuaris han de proporcionar les seves dades de localitzaci\u00f3 i acceptar la pol\u00edtica de galetes per accedir al lloc web. LANDVERA S.L. utilitza aquestes dades per millorar el servei, enviar promocions, gestionar queixes o suggeriments i enviar enquestes de satisfacci\u00f3.<br><\/li>\n\n\n\n<li><strong>Destinataris i Transfer\u00e8ncies de Dades<\/strong>: LANDVERA S.L. pot compartir les dades dels usuaris amb prove\u00efdors de serveis d&#8217;IT i altres empreses del grup per a la adequada prestaci\u00f3 del servei. Actualment, aquestes dades es comparteixen amb MGT DESIGN LTD. per l&#8217;allotjament del lloc web, el que implica una transfer\u00e8ncia internacional de dades.<br><\/li>\n\n\n\n<li><strong>Exercici de Drets<\/strong>: Els usuaris tenen dret a accedir, rectificar, suprimir, oposar-se, limitar el tractament i portar les seves dades, aix\u00ed com a no ser objecte de decisions automatitzades. Tamb\u00e9 poden retirar el seu consentiment en qualsevol moment. Per exercir aquests drets, poden posar-se en contacte amb LANDVERA S.L.<br><\/li>\n\n\n\n<li><strong>Reclamacions<\/strong>: Els usuaris tenen dret a presentar una reclamaci\u00f3 davant una autoritat de control, com l&#8217;Ag\u00e8ncia Espanyola de Protecci\u00f3 de Dades (AEPD).<\/li>\n<\/ol>\n\n\n\n<p>\u00c9s important que els usuaris llegeixin i comprenguin aquesta pol\u00edtica de privacitat abans d&#8217;utilitzar el lloc web de Moscada.<\/p>\n","protected":false},"excerpt":{"rendered":"<p>Aquesta pol\u00edtica de privacitat detalla com LANDVERA S.L., com a propietari de la marca Moscada i del domini moscadabcn.com, tracta les dades personals dels seus usuaris. Aqu\u00ed teniu un resum dels punts clau: \u00c9s important que els usuaris llegeixin i comprenguin aquesta pol\u00edtica de privacitat abans d&#8217;utilitzar el lloc web de Moscada.<\/p>\n","protected":false},"author":3,"featured_media":0,"parent":0,"menu_order":0,"comment_status":"closed","ping_status":"closed","template":"","meta":{"_acf_changed":false,"content-type":"","footnotes":""},"class_list":["post-581","page","type-page","status-publish","hentry"],"acf":[],"yoast_head":"<!-- This site is optimized with the Yoast SEO plugin v27.5 - https:\/\/yoast.com\/product\/yoast-seo-wordpress\/ -->\n<title>Pol\u00edtica de privacitat - Moscada<\/title>\n<meta name=\"robots\" content=\"index, follow, max-snippet:-1, max-image-preview:large, max-video-preview:-1\" \/>\n<link rel=\"canonical\" href=\"https:\/\/www.moscadabcn.com\/ca\/politica-de-privacitat\/\" \/>\n<meta property=\"og:locale\" content=\"ca_ES\" \/>\n<meta property=\"og:type\" content=\"article\" \/>\n<meta property=\"og:title\" content=\"Pol\u00edtica de privacitat - Moscada\" \/>\n<meta property=\"og:description\" content=\"Aquesta pol\u00edtica de privacitat detalla com LANDVERA S.L., com a propietari de la marca Moscada i del domini moscadabcn.com, tracta les dades personals dels seus usuaris. Aqu\u00ed teniu un resum dels punts clau: \u00c9s important que els usuaris llegeixin i comprenguin aquesta pol\u00edtica de privacitat abans d&#8217;utilitzar el lloc web de Moscada.\" \/>\n<meta property=\"og:url\" content=\"https:\/\/www.moscadabcn.com\/ca\/politica-de-privacitat\/\" \/>\n<meta property=\"og:site_name\" content=\"Moscada\" \/>\n<meta property=\"article:modified_time\" content=\"2024-02-08T09:56:06+00:00\" \/>\n<meta name=\"twitter:card\" content=\"summary_large_image\" \/>\n<meta name=\"twitter:label1\" content=\"Temps estimat de lectura\" \/>\n\t<meta name=\"twitter:data1\" content=\"1 minut\" \/>\n<script type=\"application\/ld+json\" class=\"yoast-schema-graph\">{\"@context\":\"https:\\\/\\\/schema.org\",\"@graph\":[{\"@type\":\"WebPage\",\"@id\":\"https:\\\/\\\/www.moscadabcn.com\\\/ca\\\/politica-de-privacitat\\\/\",\"url\":\"https:\\\/\\\/www.moscadabcn.com\\\/ca\\\/politica-de-privacitat\\\/\",\"name\":\"Pol\u00edtica de privacitat - Moscada\",\"isPartOf\":{\"@id\":\"https:\\\/\\\/www.moscadabcn.com\\\/#website\"},\"datePublished\":\"2023-02-12T08:58:42+00:00\",\"dateModified\":\"2024-02-08T09:56:06+00:00\",\"breadcrumb\":{\"@id\":\"https:\\\/\\\/www.moscadabcn.com\\\/ca\\\/politica-de-privacitat\\\/#breadcrumb\"},\"inLanguage\":\"ca\",\"potentialAction\":[{\"@type\":\"ReadAction\",\"target\":[\"https:\\\/\\\/www.moscadabcn.com\\\/ca\\\/politica-de-privacitat\\\/\"]}]},{\"@type\":\"BreadcrumbList\",\"@id\":\"https:\\\/\\\/www.moscadabcn.com\\\/ca\\\/politica-de-privacitat\\\/#breadcrumb\",\"itemListElement\":[{\"@type\":\"ListItem\",\"position\":1,\"name\":\"Portada\",\"item\":\"https:\\\/\\\/www.moscadabcn.com\\\/ca\\\/\"},{\"@type\":\"ListItem\",\"position\":2,\"name\":\"Pol\u00edtica de privacitat\"}]},{\"@type\":\"WebSite\",\"@id\":\"https:\\\/\\\/www.moscadabcn.com\\\/#website\",\"url\":\"https:\\\/\\\/www.moscadabcn.com\\\/\",\"name\":\"Moscada\",\"description\":\"Restaurant\",\"potentialAction\":[{\"@type\":\"SearchAction\",\"target\":{\"@type\":\"EntryPoint\",\"urlTemplate\":\"https:\\\/\\\/www.moscadabcn.com\\\/?s={search_term_string}\"},\"query-input\":{\"@type\":\"PropertyValueSpecification\",\"valueRequired\":true,\"valueName\":\"search_term_string\"}}],\"inLanguage\":\"ca\"}]}<\/script>\n<!-- \/ Yoast SEO plugin. -->","yoast_head_json":{"title":"Pol\u00edtica de privacitat - Moscada","robots":{"index":"index","follow":"follow","max-snippet":"max-snippet:-1","max-image-preview":"max-image-preview:large","max-video-preview":"max-video-preview:-1"},"canonical":"https:\/\/www.moscadabcn.com\/ca\/politica-de-privacitat\/","og_locale":"ca_ES","og_type":"article","og_title":"Pol\u00edtica de privacitat - Moscada","og_description":"Aquesta pol\u00edtica de privacitat detalla com LANDVERA S.L., com a propietari de la marca Moscada i del domini moscadabcn.com, tracta les dades personals dels seus usuaris. Aqu\u00ed teniu un resum dels punts clau: \u00c9s important que els usuaris llegeixin i comprenguin aquesta pol\u00edtica de privacitat abans d&#8217;utilitzar el lloc web de Moscada.","og_url":"https:\/\/www.moscadabcn.com\/ca\/politica-de-privacitat\/","og_site_name":"Moscada","article_modified_time":"2024-02-08T09:56:06+00:00","twitter_card":"summary_large_image","twitter_misc":{"Temps estimat de lectura":"1 minut"},"schema":{"@context":"https:\/\/schema.org","@graph":[{"@type":"WebPage","@id":"https:\/\/www.moscadabcn.com\/ca\/politica-de-privacitat\/","url":"https:\/\/www.moscadabcn.com\/ca\/politica-de-privacitat\/","name":"Pol\u00edtica de privacitat - Moscada","isPartOf":{"@id":"https:\/\/www.moscadabcn.com\/#website"},"datePublished":"2023-02-12T08:58:42+00:00","dateModified":"2024-02-08T09:56:06+00:00","breadcrumb":{"@id":"https:\/\/www.moscadabcn.com\/ca\/politica-de-privacitat\/#breadcrumb"},"inLanguage":"ca","potentialAction":[{"@type":"ReadAction","target":["https:\/\/www.moscadabcn.com\/ca\/politica-de-privacitat\/"]}]},{"@type":"BreadcrumbList","@id":"https:\/\/www.moscadabcn.com\/ca\/politica-de-privacitat\/#breadcrumb","itemListElement":[{"@type":"ListItem","position":1,"name":"Portada","item":"https:\/\/www.moscadabcn.com\/ca\/"},{"@type":"ListItem","position":2,"name":"Pol\u00edtica de privacitat"}]},{"@type":"WebSite","@id":"https:\/\/www.moscadabcn.com\/#website","url":"https:\/\/www.moscadabcn.com\/","name":"Moscada","description":"Restaurant","potentialAction":[{"@type":"SearchAction","target":{"@type":"EntryPoint","urlTemplate":"https:\/\/www.moscadabcn.com\/?s={search_term_string}"},"query-input":{"@type":"PropertyValueSpecification","valueRequired":true,"valueName":"search_term_string"}}],"inLanguage":"ca"}]}},"_links":{"self":[{"href":"https:\/\/www.moscadabcn.com\/ca\/wp-json\/wp\/v2\/pages\/581","targetHints":{"allow":["GET"]}}],"collection":[{"href":"https:\/\/www.moscadabcn.com\/ca\/wp-json\/wp\/v2\/pages"}],"about":[{"href":"https:\/\/www.moscadabcn.com\/ca\/wp-json\/wp\/v2\/types\/page"}],"author":[{"embeddable":true,"href":"https:\/\/www.moscadabcn.com\/ca\/wp-json\/wp\/v2\/users\/3"}],"replies":[{"embeddable":true,"href":"https:\/\/www.moscadabcn.com\/ca\/wp-json\/wp\/v2\/comments?post=581"}],"version-history":[{"count":1,"href":"https:\/\/www.moscadabcn.com\/ca\/wp-json\/wp\/v2\/pages\/581\/revisions"}],"predecessor-version":[{"id":582,"href":"https:\/\/www.moscadabcn.com\/ca\/wp-json\/wp\/v2\/pages\/581\/revisions\/582"}],"wp:attachment":[{"href":"https:\/\/www.moscadabcn.com\/ca\/wp-json\/wp\/v2\/media?parent=581"}],"curies":[{"name":"wp","href":"https:\/\/api.w.org\/{rel}","templated":true}]}}