{"id":536,"date":"2024-01-24T18:04:31","date_gmt":"2024-01-24T17:04:31","guid":{"rendered":"https:\/\/www.moscadabcn.com\/inici\/"},"modified":"2025-11-10T13:14:27","modified_gmt":"2025-11-10T12:14:27","slug":"inici","status":"publish","type":"page","link":"https:\/\/www.moscadabcn.com\/ca\/","title":{"rendered":"Inici"},"content":{"rendered":"","protected":false},"excerpt":{"rendered":"","protected":false},"author":3,"featured_media":0,"parent":0,"menu_order":0,"comment_status":"closed","ping_status":"closed","template":"","meta":{"_acf_changed":false,"content-type":"","footnotes":""},"class_list":["post-536","page","type-page","status-publish","hentry"],"acf":[],"yoast_head":"<!-- This site is optimized with the Yoast SEO plugin v27.4 - https:\/\/yoast.com\/product\/yoast-seo-wordpress\/ -->\n<title>Moscada: Restaurant de cuina mediterr\u00e0nia<\/title>\n<meta name=\"description\" content=\"Un petit tresor amagat al cor de Barcelona que ofereix una experi\u00e8ncia culin\u00e0ria casual i saborosa. Amb una deliciosa oferta gastron\u00f2mica, el restaurant s&#039;enfoca a la cuina mediterr\u00e0nia del dia a dia, amb influ\u00e8ncies d&#039;altres llocs del m\u00f3n. Plats sans i productes de qualitat.\" \/>\n<meta name=\"robots\" content=\"index, follow, max-snippet:-1, max-image-preview:large, max-video-preview:-1\" \/>\n<link rel=\"canonical\" href=\"https:\/\/www.moscadabcn.com\/ca\/\" \/>\n<meta property=\"og:locale\" content=\"ca_ES\" \/>\n<meta property=\"og:type\" content=\"article\" \/>\n<meta property=\"og:title\" content=\"Moscada: Restaurant de cuina mediterr\u00e0nia\" \/>\n<meta property=\"og:description\" content=\"Un petit tresor amagat al cor de Barcelona que ofereix una experi\u00e8ncia culin\u00e0ria casual i saborosa. Amb una deliciosa oferta gastron\u00f2mica, el restaurant s&#039;enfoca a la cuina mediterr\u00e0nia del dia a dia, amb influ\u00e8ncies d&#039;altres llocs del m\u00f3n. Plats sans i productes de qualitat.\" \/>\n<meta property=\"og:url\" content=\"https:\/\/www.moscadabcn.com\/ca\/\" \/>\n<meta property=\"og:site_name\" content=\"Moscada\" \/>\n<meta property=\"article:modified_time\" content=\"2025-11-10T12:14:27+00:00\" \/>\n<meta name=\"twitter:card\" content=\"summary_large_image\" \/>\n<meta name=\"twitter:label1\" content=\"Temps estimat de lectura\" \/>\n\t<meta name=\"twitter:data1\" content=\"8 minuts\" \/>\n<script type=\"application\/ld+json\" class=\"yoast-schema-graph\">{\"@context\":\"https:\\\/\\\/schema.org\",\"@graph\":[{\"@type\":\"WebPage\",\"@id\":\"https:\\\/\\\/www.moscadabcn.com\\\/ca\\\/\",\"url\":\"https:\\\/\\\/www.moscadabcn.com\\\/ca\\\/\",\"name\":\"Moscada: Restaurant de cuina mediterr\u00e0nia\",\"isPartOf\":{\"@id\":\"https:\\\/\\\/www.moscadabcn.com\\\/#website\"},\"datePublished\":\"2024-01-24T17:04:31+00:00\",\"dateModified\":\"2025-11-10T12:14:27+00:00\",\"description\":\"Un petit tresor amagat al cor de Barcelona que ofereix una experi\u00e8ncia culin\u00e0ria casual i saborosa. Amb una deliciosa oferta gastron\u00f2mica, el restaurant s'enfoca a la cuina mediterr\u00e0nia del dia a dia, amb influ\u00e8ncies d'altres llocs del m\u00f3n. Plats sans i productes de qualitat.\",\"breadcrumb\":{\"@id\":\"https:\\\/\\\/www.moscadabcn.com\\\/ca\\\/#breadcrumb\"},\"inLanguage\":\"ca\",\"potentialAction\":[{\"@type\":\"ReadAction\",\"target\":[\"https:\\\/\\\/www.moscadabcn.com\\\/ca\\\/\"]}]},{\"@type\":\"BreadcrumbList\",\"@id\":\"https:\\\/\\\/www.moscadabcn.com\\\/ca\\\/#breadcrumb\",\"itemListElement\":[{\"@type\":\"ListItem\",\"position\":1,\"name\":\"Portada\",\"item\":\"https:\\\/\\\/www.moscadabcn.com\\\/ca\\\/\"},{\"@type\":\"ListItem\",\"position\":2,\"name\":\"Inici\"}]},{\"@type\":\"WebSite\",\"@id\":\"https:\\\/\\\/www.moscadabcn.com\\\/#website\",\"url\":\"https:\\\/\\\/www.moscadabcn.com\\\/\",\"name\":\"Moscada\",\"description\":\"Restaurant\",\"potentialAction\":[{\"@type\":\"SearchAction\",\"target\":{\"@type\":\"EntryPoint\",\"urlTemplate\":\"https:\\\/\\\/www.moscadabcn.com\\\/?s={search_term_string}\"},\"query-input\":{\"@type\":\"PropertyValueSpecification\",\"valueRequired\":true,\"valueName\":\"search_term_string\"}}],\"inLanguage\":\"ca\"}]}<\/script>\n<!-- \/ Yoast SEO plugin. -->","yoast_head_json":{"title":"Moscada: Restaurant de cuina mediterr\u00e0nia","description":"Un petit tresor amagat al cor de Barcelona que ofereix una experi\u00e8ncia culin\u00e0ria casual i saborosa. Amb una deliciosa oferta gastron\u00f2mica, el restaurant s'enfoca a la cuina mediterr\u00e0nia del dia a dia, amb influ\u00e8ncies d'altres llocs del m\u00f3n. Plats sans i productes de qualitat.","robots":{"index":"index","follow":"follow","max-snippet":"max-snippet:-1","max-image-preview":"max-image-preview:large","max-video-preview":"max-video-preview:-1"},"canonical":"https:\/\/www.moscadabcn.com\/ca\/","og_locale":"ca_ES","og_type":"article","og_title":"Moscada: Restaurant de cuina mediterr\u00e0nia","og_description":"Un petit tresor amagat al cor de Barcelona que ofereix una experi\u00e8ncia culin\u00e0ria casual i saborosa. Amb una deliciosa oferta gastron\u00f2mica, el restaurant s'enfoca a la cuina mediterr\u00e0nia del dia a dia, amb influ\u00e8ncies d'altres llocs del m\u00f3n. Plats sans i productes de qualitat.","og_url":"https:\/\/www.moscadabcn.com\/ca\/","og_site_name":"Moscada","article_modified_time":"2025-11-10T12:14:27+00:00","twitter_card":"summary_large_image","twitter_misc":{"Temps estimat de lectura":"8 minuts"},"schema":{"@context":"https:\/\/schema.org","@graph":[{"@type":"WebPage","@id":"https:\/\/www.moscadabcn.com\/ca\/","url":"https:\/\/www.moscadabcn.com\/ca\/","name":"Moscada: Restaurant de cuina mediterr\u00e0nia","isPartOf":{"@id":"https:\/\/www.moscadabcn.com\/#website"},"datePublished":"2024-01-24T17:04:31+00:00","dateModified":"2025-11-10T12:14:27+00:00","description":"Un petit tresor amagat al cor de Barcelona que ofereix una experi\u00e8ncia culin\u00e0ria casual i saborosa. Amb una deliciosa oferta gastron\u00f2mica, el restaurant s'enfoca a la cuina mediterr\u00e0nia del dia a dia, amb influ\u00e8ncies d'altres llocs del m\u00f3n. Plats sans i productes de qualitat.","breadcrumb":{"@id":"https:\/\/www.moscadabcn.com\/ca\/#breadcrumb"},"inLanguage":"ca","potentialAction":[{"@type":"ReadAction","target":["https:\/\/www.moscadabcn.com\/ca\/"]}]},{"@type":"BreadcrumbList","@id":"https:\/\/www.moscadabcn.com\/ca\/#breadcrumb","itemListElement":[{"@type":"ListItem","position":1,"name":"Portada","item":"https:\/\/www.moscadabcn.com\/ca\/"},{"@type":"ListItem","position":2,"name":"Inici"}]},{"@type":"WebSite","@id":"https:\/\/www.moscadabcn.com\/#website","url":"https:\/\/www.moscadabcn.com\/","name":"Moscada","description":"Restaurant","potentialAction":[{"@type":"SearchAction","target":{"@type":"EntryPoint","urlTemplate":"https:\/\/www.moscadabcn.com\/?s={search_term_string}"},"query-input":{"@type":"PropertyValueSpecification","valueRequired":true,"valueName":"search_term_string"}}],"inLanguage":"ca"}]}},"_links":{"self":[{"href":"https:\/\/www.moscadabcn.com\/ca\/wp-json\/wp\/v2\/pages\/536","targetHints":{"allow":["GET"]}}],"collection":[{"href":"https:\/\/www.moscadabcn.com\/ca\/wp-json\/wp\/v2\/pages"}],"about":[{"href":"https:\/\/www.moscadabcn.com\/ca\/wp-json\/wp\/v2\/types\/page"}],"author":[{"embeddable":true,"href":"https:\/\/www.moscadabcn.com\/ca\/wp-json\/wp\/v2\/users\/3"}],"replies":[{"embeddable":true,"href":"https:\/\/www.moscadabcn.com\/ca\/wp-json\/wp\/v2\/comments?post=536"}],"version-history":[{"count":54,"href":"https:\/\/www.moscadabcn.com\/ca\/wp-json\/wp\/v2\/pages\/536\/revisions"}],"predecessor-version":[{"id":1067,"href":"https:\/\/www.moscadabcn.com\/ca\/wp-json\/wp\/v2\/pages\/536\/revisions\/1067"}],"wp:attachment":[{"href":"https:\/\/www.moscadabcn.com\/ca\/wp-json\/wp\/v2\/media?parent=536"}],"curies":[{"name":"wp","href":"https:\/\/api.w.org\/{rel}","templated":true}]}}